{"id":1345,"date":"2022-03-31T11:15:36","date_gmt":"2022-03-31T11:15:36","guid":{"rendered":"https:\/\/internebest.com\/?page_id=1345"},"modified":"2024-01-23T15:50:56","modified_gmt":"2024-01-23T15:50:56","slug":"global-mobility","status":"publish","type":"page","link":"https:\/\/internebest.com\/en\/global-mobility\/","title":{"rendered":"Global mobility"},"content":{"rendered":"<div data-elementor-type=\"wp-page\" data-elementor-id=\"1345\" class=\"elementor elementor-1345\" data-elementor-post-type=\"page\">\n\t\t\t\t\t\t<section data-particle_enable=\"false\" data-particle-mobile-disabled=\"false\" class=\"elementor-section elementor-top-section elementor-element elementor-element-8e5759b Engineering elementor-section-boxed elementor-section-height-default elementor-section-height-default\" data-id=\"8e5759b\" data-element_type=\"section\" data-e-type=\"section\" data-settings=\"{&quot;background_background&quot;:&quot;classic&quot;}\">\n\t\t\t\t\t\t<div class=\"elementor-container elementor-column-gap-default\">\n\t\t\t\t\t<div class=\"elementor-column elementor-col-100 elementor-top-column elementor-element elementor-element-ed40f7f\" data-id=\"ed40f7f\" data-element_type=\"column\" data-e-type=\"column\">\n\t\t\t<div class=\"elementor-widget-wrap elementor-element-populated\">\n\t\t\t\t\t\t<section data-particle_enable=\"false\" data-particle-mobile-disabled=\"false\" class=\"elementor-section elementor-inner-section elementor-element elementor-element-68eea57 elementor-section-full_width elementor-section-height-min-height elementor-section-content-middle elementor-section-height-default\" data-id=\"68eea57\" data-element_type=\"section\" data-e-type=\"section\" data-settings=\"{&quot;background_background&quot;:&quot;classic&quot;}\">\n\t\t\t\t\t\t<div class=\"elementor-container elementor-column-gap-default\">\n\t\t\t\t\t<div class=\"elementor-column elementor-col-100 elementor-inner-column elementor-element elementor-element-30d83d7\" data-id=\"30d83d7\" data-element_type=\"column\" data-e-type=\"column\">\n\t\t\t<div class=\"elementor-widget-wrap elementor-element-populated\">\n\t\t\t\t\t\t<div class=\"elementor-element elementor-element-e6f573b elementor-widget elementor-widget-heading\" data-id=\"e6f573b\" data-element_type=\"widget\" data-e-type=\"widget\" data-widget_type=\"heading.default\">\n\t\t\t\t<div class=\"elementor-widget-container\">\n\t\t\t\t\t<span class=\"elementor-heading-title elementor-size-default\">Our jobs<\/span>\t\t\t\t<\/div>\n\t\t\t\t<\/div>\n\t\t\t\t<div class=\"elementor-element elementor-element-b11511d elementor-widget elementor-widget-heading\" data-id=\"b11511d\" data-element_type=\"widget\" data-e-type=\"widget\" data-widget_type=\"heading.default\">\n\t\t\t\t<div class=\"elementor-widget-container\">\n\t\t\t\t\t<h1 class=\"elementor-heading-title elementor-size-default\">Global mobility<\/h1>\t\t\t\t<\/div>\n\t\t\t\t<\/div>\n\t\t\t\t<div class=\"elementor-element elementor-element-0dad7f3 elementor-widget__width-auto elementor-absolute elementor-view-default elementor-widget elementor-widget-icon\" data-id=\"0dad7f3\" data-element_type=\"widget\" data-e-type=\"widget\" data-settings=\"{&quot;_position&quot;:&quot;absolute&quot;}\" data-widget_type=\"icon.default\">\n\t\t\t\t<div class=\"elementor-widget-container\">\n\t\t\t\t\t\t\t<div class=\"elementor-icon-wrapper\">\n\t\t\t<div class=\"elementor-icon\">\n\t\t\t<svg xmlns=\"http:\/\/www.w3.org\/2000\/svg\" width=\"75\" height=\"74\" viewbox=\"0 0 75 74\" fill=\"none\"><rect x=\"75\" y=\"74\" width=\"75\" height=\"74\" rx=\"37\" transform=\"rotate(-180 75 74)\" fill=\"#28327B\"><\/rect><path d=\"M29 43C29 43.5523 29.4477 44 30 44L39 44C39.5523 44 40 43.5523 40 43C40 42.4477 39.5523 42 39 42L31 42L31 34C31 33.4477 30.5523 33 30 33C29.4477 33 29 33.4477 29 34L29 43ZM45.2929 26.2929L29.2929 42.2929L30.7071 43.7071L46.7071 27.7071L45.2929 26.2929Z\" fill=\"white\"><\/path><\/svg>\t\t\t<\/div>\n\t\t<\/div>\n\t\t\t\t\t\t<\/div>\n\t\t\t\t<\/div>\n\t\t\t\t\t<\/div>\n\t\t<\/div>\n\t\t\t\t\t<\/div>\n\t\t<\/section>\n\t\t\t\t<section data-particle_enable=\"false\" data-particle-mobile-disabled=\"false\" class=\"elementor-section elementor-inner-section elementor-element elementor-element-8a0bef5 elementor-section-full_width elementor-section-height-default elementor-section-height-default\" data-id=\"8a0bef5\" data-element_type=\"section\" data-e-type=\"section\">\n\t\t\t\t\t\t<div class=\"elementor-container elementor-column-gap-default\">\n\t\t\t\t\t<div class=\"elementor-column elementor-col-33 elementor-inner-column elementor-element elementor-element-1cb66f6\" data-id=\"1cb66f6\" data-element_type=\"column\" data-e-type=\"column\">\n\t\t\t<div class=\"elementor-widget-wrap elementor-element-populated\">\n\t\t\t\t\t\t<div class=\"elementor-element elementor-element-dbfe329 elementor-widget elementor-widget-heading\" data-id=\"dbfe329\" data-element_type=\"widget\" data-e-type=\"widget\" data-widget_type=\"heading.default\">\n\t\t\t\t<div class=\"elementor-widget-container\">\n\t\t\t\t\t<h2 class=\"elementor-heading-title elementor-size-default\">A skill to mobilise at international level ?<\/h2>\t\t\t\t<\/div>\n\t\t\t\t<\/div>\n\t\t\t\t<div class=\"elementor-element elementor-element-8e4e289 elementor-widget elementor-widget-text-editor\" data-id=\"8e4e289\" data-element_type=\"widget\" data-e-type=\"widget\" data-widget_type=\"text-editor.default\">\n\t\t\t\t<div class=\"elementor-widget-container\">\n\t\t\t\t\t\t\t\t\t<p>Taking advantage of the worldwide network of Inter 360\u00b0, we are able to provide you our expertise all over the world.<\/p><p>The extremely rigorous management of employment contracts, particularly at international level, is one of the key factors contributing to our recognition by clients.<\/p><p>Our consultants and HR team are constantly monitoring legislation.<\/p><p>Our priority is to comply with the regulations of the host countries.<\/p>\t\t\t\t\t\t\t\t<\/div>\n\t\t\t\t<\/div>\n\t\t\t\t<div class=\"elementor-element elementor-element-0e506a9 elementor-tablet-align-center elementor-hidden-tablet elementor-hidden-mobile elementor-widget__width-auto elementor-widget elementor-widget-button\" data-id=\"0e506a9\" data-element_type=\"widget\" data-e-type=\"widget\" data-widget_type=\"button.default\">\n\t\t\t\t<div class=\"elementor-widget-container\">\n\t\t\t\t\t\t\t\t\t<div class=\"elementor-button-wrapper\">\n\t\t\t\t\t<a class=\"elementor-button elementor-button-link elementor-size-sm\" href=\"#contact\">\n\t\t\t\t\t\t<span class=\"elementor-button-content-wrapper\">\n\t\t\t\t\t\t\t\t\t<span class=\"elementor-button-text\">Contact us<\/span>\n\t\t\t\t\t<\/span>\n\t\t\t\t\t<\/a>\n\t\t\t\t<\/div>\n\t\t\t\t\t\t\t\t<\/div>\n\t\t\t\t<\/div>\n\t\t\t\t\t<\/div>\n\t\t<\/div>\n\t\t\t\t<div class=\"elementor-column elementor-col-33 elementor-inner-column elementor-element elementor-element-4414262 elementor-hidden-tablet\" data-id=\"4414262\" data-element_type=\"column\" data-e-type=\"column\">\n\t\t\t<div class=\"elementor-widget-wrap elementor-element-populated\">\n\t\t\t\t\t\t<div class=\"elementor-element elementor-element-d7c00c3 elementor-widget elementor-widget-image\" data-id=\"d7c00c3\" data-element_type=\"widget\" data-e-type=\"widget\" data-widget_type=\"image.default\">\n\t\t\t\t<div class=\"elementor-widget-container\">\n\t\t\t\t\t\t\t\t\t\t\t\t\t\t\t<img decoding=\"async\" width=\"133\" height=\"107\" src=\"https:\/\/internebest.com\/wp-content\/uploads\/2022\/03\/Group-130.png\" class=\"attachment-large size-large wp-image-989\" alt=\"\" \/>\t\t\t\t\t\t\t\t\t\t\t\t\t\t\t<\/div>\n\t\t\t\t<\/div>\n\t\t\t\t\t<\/div>\n\t\t<\/div>\n\t\t\t\t<div class=\"elementor-column elementor-col-33 elementor-inner-column elementor-element elementor-element-f71de2c\" data-id=\"f71de2c\" data-element_type=\"column\" data-e-type=\"column\">\n\t\t\t<div class=\"elementor-widget-wrap elementor-element-populated\">\n\t\t\t\t\t\t<div class=\"elementor-element elementor-element-36aa9d7 elementor-widget elementor-widget-image\" data-id=\"36aa9d7\" data-element_type=\"widget\" data-e-type=\"widget\" data-widget_type=\"image.default\">\n\t\t\t\t<div class=\"elementor-widget-container\">\n\t\t\t\t\t\t\t\t\t\t\t\t\t\t\t<img decoding=\"async\" width=\"150\" height=\"150\" src=\"https:\/\/internebest.com\/wp-content\/uploads\/2024\/01\/icone-mobilite-01.svg\" class=\"attachment-1536x1536 size-1536x1536 wp-image-6932\" alt=\"\" \/>\t\t\t\t\t\t\t\t\t\t\t\t\t\t\t<\/div>\n\t\t\t\t<\/div>\n\t\t\t\t\t<\/div>\n\t\t<\/div>\n\t\t\t\t\t<\/div>\n\t\t<\/section>\n\t\t\t\t\t<\/div>\n\t\t<\/div>\n\t\t\t\t\t<\/div>\n\t\t<\/section>\n\t\t\t\t<section data-particle_enable=\"false\" data-particle-mobile-disabled=\"false\" class=\"elementor-section elementor-top-section elementor-element elementor-element-2c7e301 elementor-section-height-min-height elementor-section-boxed elementor-section-height-default elementor-section-items-middle\" data-id=\"2c7e301\" data-element_type=\"section\" data-e-type=\"section\" data-settings=\"{&quot;background_background&quot;:&quot;classic&quot;}\">\n\t\t\t\t\t\t\t<div class=\"elementor-background-overlay\"><\/div>\n\t\t\t\t\t\t\t<div class=\"elementor-container elementor-column-gap-default\">\n\t\t\t\t\t<div class=\"elementor-column elementor-col-100 elementor-top-column elementor-element elementor-element-4e8cf9d\" data-id=\"4e8cf9d\" data-element_type=\"column\" data-e-type=\"column\">\n\t\t\t<div class=\"elementor-widget-wrap elementor-element-populated\">\n\t\t\t\t\t\t<div class=\"elementor-element elementor-element-619a333 video-internebest elementor-widget elementor-widget-video\" data-id=\"619a333\" data-element_type=\"widget\" data-e-type=\"widget\" data-settings=\"{&quot;show_image_overlay&quot;:&quot;yes&quot;,&quot;image_overlay&quot;:{&quot;url&quot;:&quot;https:\\\/\\\/internebest.com\\\/wp-content\\\/uploads\\\/2022\\\/03\\\/Group-202-1.webp&quot;,&quot;id&quot;:1195,&quot;size&quot;:&quot;&quot;,&quot;alt&quot;:&quot;&quot;,&quot;source&quot;:&quot;library&quot;},&quot;video_type&quot;:&quot;hosted&quot;,&quot;controls&quot;:&quot;yes&quot;}\" data-widget_type=\"video.default\">\n\t\t\t\t<div class=\"elementor-widget-container\">\n\t\t\t\t\t\t\t<div class=\"e-hosted-video elementor-wrapper elementor-open-inline\">\n\t\t\t\t\t<video class=\"elementor-video\" src=\"https:\/\/internebest.com\/wp-content\/uploads\/2023\/05\/internebest-motion2-1.mp4\" controls=\"\" preload=\"metadata\" controlslist=\"nodownload\"><\/video>\n\t\t\t\t\t\t<div class=\"elementor-custom-embed-image-overlay\" style=\"background-image: url(https:\/\/internebest.com\/wp-content\/uploads\/2022\/03\/Group-202-1.webp);\">\n\t\t\t\t\t\t\t\t\t\t\t\t\t\t\t\t<div class=\"elementor-custom-embed-play\" role=\"button\" aria-label=\"Play video\" tabindex=\"0\">\n\t\t\t\t\t\t\t<i aria-hidden=\"true\" class=\"eicon-play\"><\/i>\t\t\t\t\t\t<\/div>\n\t\t\t\t\t\t\t\t\t<\/div>\n\t\t\t\t\t<\/div>\n\t\t\t\t\t\t<\/div>\n\t\t\t\t<\/div>\n\t\t\t\t\t<\/div>\n\t\t<\/div>\n\t\t\t\t\t<\/div>\n\t\t<\/section>\n\t\t\t\t<section data-particle_enable=\"false\" data-particle-mobile-disabled=\"false\" class=\"elementor-section elementor-top-section elementor-element elementor-element-243e37e elementor-section-boxed elementor-section-height-default elementor-section-height-default\" data-id=\"243e37e\" data-element_type=\"section\" data-e-type=\"section\">\n\t\t\t\t\t\t<div class=\"elementor-container elementor-column-gap-default\">\n\t\t\t\t\t<div class=\"elementor-column elementor-col-100 elementor-top-column elementor-element elementor-element-3f321b7f\" data-id=\"3f321b7f\" data-element_type=\"column\" data-e-type=\"column\">\n\t\t\t<div class=\"elementor-widget-wrap elementor-element-populated\">\n\t\t\t\t\t\t<div class=\"elementor-element elementor-element-1195ec8 elementor-widget elementor-widget-image\" data-id=\"1195ec8\" data-element_type=\"widget\" data-e-type=\"widget\" data-widget_type=\"image.default\">\n\t\t\t\t<div class=\"elementor-widget-container\">\n\t\t\t\t\t\t\t\t\t\t\t\t\t\t\t<img decoding=\"async\" width=\"94\" height=\"8\" src=\"https:\/\/internebest.com\/wp-content\/uploads\/2022\/03\/Divider.png\" class=\"attachment-large size-large wp-image-44\" alt=\"\" \/>\t\t\t\t\t\t\t\t\t\t\t\t\t\t\t<\/div>\n\t\t\t\t<\/div>\n\t\t\t\t<div class=\"elementor-element elementor-element-7ff51a36 elementor-widget elementor-widget-heading\" data-id=\"7ff51a36\" data-element_type=\"widget\" data-e-type=\"widget\" data-widget_type=\"heading.default\">\n\t\t\t\t<div class=\"elementor-widget-container\">\n\t\t\t\t\t<h2 class=\"elementor-heading-title elementor-size-default\">Our international locations<\/h2>\t\t\t\t<\/div>\n\t\t\t\t<\/div>\n\t\t\t\t<div class=\"elementor-element elementor-element-7e419569 elementor-widget__width-initial elementor-widget-tablet__width-initial elementor-widget elementor-widget-text-editor\" data-id=\"7e419569\" data-element_type=\"widget\" data-e-type=\"widget\" data-widget_type=\"text-editor.default\">\n\t\t\t\t<div class=\"elementor-widget-container\">\n\t\t\t\t\t\t\t\t\t<div class=\"elementor-element elementor-element-13e2a0eb elementor-widget__width-initial elementor-widget-tablet__width-initial elementor-widget-mobile__width-initial elementor-widget elementor-widget-text-editor\" data-id=\"13e2a0eb\" data-element_type=\"widget\" data-widget_type=\"text-editor.default\"><div class=\"elementor-widget-container\"><div class=\"elementor-element elementor-element-bf696e5 elementor-widget__width-initial elementor-widget-tablet__width-initial elementor-widget elementor-widget-text-editor\" data-id=\"bf696e5\" data-element_type=\"widget\" data-widget_type=\"text-editor.default\"><div class=\"elementor-widget-container\"><p>Our international locations ensure our presence and thus guarantee our operational responsiveness throughout the world.<\/p><\/div><\/div><\/div><\/div>\t\t\t\t\t\t\t\t<\/div>\n\t\t\t\t<\/div>\n\t\t\t\t<div class=\"elementor-element elementor-element-42327d80 elementor-widget elementor-widget-html\" data-id=\"42327d80\" data-element_type=\"widget\" data-e-type=\"widget\" data-widget_type=\"html.default\">\n\t\t\t\t<div class=\"elementor-widget-container\">\n\t\t\t\t\t<div class=\"row\">\r\n                    <div class=\"col-xl-12\">\r\n                        <section class=\"hk-sec-wrapper\">\r\n                            <div class=\"row\">\r\n                                <div class=\"col-sm\">\r\n                                    <div id=\"world_map_marker_1\" style=\"height: 591px\"><\/div>\r\n                                <\/div>\r\n                            <\/div>\r\n                        <\/section>\r\n                        <\/div>\r\n                        <\/div>\t\t\t\t<\/div>\n\t\t\t\t<\/div>\n\t\t\t\t\t<\/div>\n\t\t<\/div>\n\t\t\t\t\t<\/div>\n\t\t<\/section>\n\t\t\t\t<\/div>","protected":false},"excerpt":{"rendered":"<p>Nos m\u00e9tiers Mobilit\u00e9 globale Une comp\u00e9tence \u00e0 mobiliser \u00e0 l\u2019international&nbsp;? Profitant du maillage mondial du groupe Inter 360\u00b0, nous sommes en mesure de vous apporter notre expertise, tout autour du globe. La gestion extr\u00eamement rigoureuse des contrats de travail, notamment au niveau international, est l&rsquo;un des facteurs cl\u00e9s de notre reconnaissance par les clients. Nos [&hellip;]<\/p>\n","protected":false},"author":1,"featured_media":0,"parent":0,"menu_order":0,"comment_status":"closed","ping_status":"closed","template":"","meta":{"_acf_changed":false,"footnotes":""},"class_list":["post-1345","page","type-page","status-publish","hentry"],"acf":[],"yoast_head":"<!-- This site is optimized with the Yoast SEO plugin v27.3 - https:\/\/yoast.com\/product\/yoast-seo-wordpress\/ -->\n<title>Mobilit\u00e9 globale - Internebest<\/title>\n<meta name=\"robots\" content=\"index, follow, max-snippet:-1, max-image-preview:large, max-video-preview:-1\" \/>\n<link rel=\"canonical\" href=\"https:\/\/internebest.com\/en\/global-mobility\/\" \/>\n<meta property=\"og:locale\" content=\"en_US\" \/>\n<meta property=\"og:type\" content=\"article\" \/>\n<meta property=\"og:title\" content=\"Mobilit\u00e9 globale - Internebest\" \/>\n<meta property=\"og:description\" content=\"Nos m\u00e9tiers Mobilit\u00e9 globale Une comp\u00e9tence \u00e0 mobiliser \u00e0 l\u2019international&nbsp;? Profitant du maillage mondial du groupe Inter 360\u00b0, nous sommes en mesure de vous apporter notre expertise, tout autour du globe. La gestion extr\u00eamement rigoureuse des contrats de travail, notamment au niveau international, est l&rsquo;un des facteurs cl\u00e9s de notre reconnaissance par les clients. Nos [&hellip;]\" \/>\n<meta property=\"og:url\" content=\"https:\/\/internebest.com\/en\/global-mobility\/\" \/>\n<meta property=\"og:site_name\" content=\"Internebest\" \/>\n<meta property=\"article:modified_time\" content=\"2024-01-23T15:50:56+00:00\" \/>\n<meta property=\"og:image\" content=\"https:\/\/internebest.com\/wp-content\/uploads\/2022\/03\/Group-130.png\" \/>\n<meta name=\"twitter:card\" content=\"summary_large_image\" \/>\n<meta name=\"twitter:label1\" content=\"Est. reading time\" \/>\n\t<meta name=\"twitter:data1\" content=\"2 minutes\" \/>\n<script type=\"application\/ld+json\" class=\"yoast-schema-graph\">{\"@context\":\"https:\\\/\\\/schema.org\",\"@graph\":[{\"@type\":\"WebPage\",\"@id\":\"https:\\\/\\\/internebest.com\\\/global-mobility\\\/\",\"url\":\"https:\\\/\\\/internebest.com\\\/global-mobility\\\/\",\"name\":\"Mobilit\u00e9 globale - Internebest\",\"isPartOf\":{\"@id\":\"https:\\\/\\\/internebest.com\\\/#website\"},\"primaryImageOfPage\":{\"@id\":\"https:\\\/\\\/internebest.com\\\/global-mobility\\\/#primaryimage\"},\"image\":{\"@id\":\"https:\\\/\\\/internebest.com\\\/global-mobility\\\/#primaryimage\"},\"thumbnailUrl\":\"https:\\\/\\\/internebest.com\\\/wp-content\\\/uploads\\\/2022\\\/03\\\/Group-130.png\",\"datePublished\":\"2022-03-31T11:15:36+00:00\",\"dateModified\":\"2024-01-23T15:50:56+00:00\",\"breadcrumb\":{\"@id\":\"https:\\\/\\\/internebest.com\\\/global-mobility\\\/#breadcrumb\"},\"inLanguage\":\"en-US\",\"potentialAction\":[{\"@type\":\"ReadAction\",\"target\":[\"https:\\\/\\\/internebest.com\\\/global-mobility\\\/\"]}]},{\"@type\":\"ImageObject\",\"inLanguage\":\"en-US\",\"@id\":\"https:\\\/\\\/internebest.com\\\/global-mobility\\\/#primaryimage\",\"url\":\"https:\\\/\\\/internebest.com\\\/wp-content\\\/uploads\\\/2022\\\/03\\\/Group-130.png\",\"contentUrl\":\"https:\\\/\\\/internebest.com\\\/wp-content\\\/uploads\\\/2022\\\/03\\\/Group-130.png\"},{\"@type\":\"BreadcrumbList\",\"@id\":\"https:\\\/\\\/internebest.com\\\/global-mobility\\\/#breadcrumb\",\"itemListElement\":[{\"@type\":\"ListItem\",\"position\":1,\"name\":\"Accueil\",\"item\":\"https:\\\/\\\/internebest.com\\\/\"},{\"@type\":\"ListItem\",\"position\":2,\"name\":\"Mobilit\u00e9 globale\"}]},{\"@type\":\"WebSite\",\"@id\":\"https:\\\/\\\/internebest.com\\\/#website\",\"url\":\"https:\\\/\\\/internebest.com\\\/\",\"name\":\"Internebest\",\"description\":\"People of excellence\",\"publisher\":{\"@id\":\"https:\\\/\\\/internebest.com\\\/#organization\"},\"potentialAction\":[{\"@type\":\"SearchAction\",\"target\":{\"@type\":\"EntryPoint\",\"urlTemplate\":\"https:\\\/\\\/internebest.com\\\/?s={search_term_string}\"},\"query-input\":{\"@type\":\"PropertyValueSpecification\",\"valueRequired\":true,\"valueName\":\"search_term_string\"}}],\"inLanguage\":\"en-US\"},{\"@type\":\"Organization\",\"@id\":\"https:\\\/\\\/internebest.com\\\/#organization\",\"name\":\"Internebest\",\"url\":\"https:\\\/\\\/internebest.com\\\/\",\"logo\":{\"@type\":\"ImageObject\",\"inLanguage\":\"en-US\",\"@id\":\"https:\\\/\\\/internebest.com\\\/#\\\/schema\\\/logo\\\/image\\\/\",\"url\":\"https:\\\/\\\/internebest.com\\\/wp-content\\\/uploads\\\/2022\\\/03\\\/Logo-Internebest.png\",\"contentUrl\":\"https:\\\/\\\/internebest.com\\\/wp-content\\\/uploads\\\/2022\\\/03\\\/Logo-Internebest.png\",\"width\":151,\"height\":88,\"caption\":\"Internebest\"},\"image\":{\"@id\":\"https:\\\/\\\/internebest.com\\\/#\\\/schema\\\/logo\\\/image\\\/\"}}]}<\/script>\n<!-- \/ Yoast SEO plugin. -->","yoast_head_json":{"title":"Mobilit\u00e9 globale - Internebest","robots":{"index":"index","follow":"follow","max-snippet":"max-snippet:-1","max-image-preview":"max-image-preview:large","max-video-preview":"max-video-preview:-1"},"canonical":"https:\/\/internebest.com\/en\/global-mobility\/","og_locale":"en_US","og_type":"article","og_title":"Mobilit\u00e9 globale - Internebest","og_description":"Nos m\u00e9tiers Mobilit\u00e9 globale Une comp\u00e9tence \u00e0 mobiliser \u00e0 l\u2019international&nbsp;? Profitant du maillage mondial du groupe Inter 360\u00b0, nous sommes en mesure de vous apporter notre expertise, tout autour du globe. La gestion extr\u00eamement rigoureuse des contrats de travail, notamment au niveau international, est l&rsquo;un des facteurs cl\u00e9s de notre reconnaissance par les clients. Nos [&hellip;]","og_url":"https:\/\/internebest.com\/en\/global-mobility\/","og_site_name":"Internebest","article_modified_time":"2024-01-23T15:50:56+00:00","og_image":[{"url":"https:\/\/internebest.com\/wp-content\/uploads\/2022\/03\/Group-130.png","type":"","width":"","height":""}],"twitter_card":"summary_large_image","twitter_misc":{"Est. reading time":"2 minutes"},"schema":{"@context":"https:\/\/schema.org","@graph":[{"@type":"WebPage","@id":"https:\/\/internebest.com\/global-mobility\/","url":"https:\/\/internebest.com\/global-mobility\/","name":"Mobilit\u00e9 globale - Internebest","isPartOf":{"@id":"https:\/\/internebest.com\/#website"},"primaryImageOfPage":{"@id":"https:\/\/internebest.com\/global-mobility\/#primaryimage"},"image":{"@id":"https:\/\/internebest.com\/global-mobility\/#primaryimage"},"thumbnailUrl":"https:\/\/internebest.com\/wp-content\/uploads\/2022\/03\/Group-130.png","datePublished":"2022-03-31T11:15:36+00:00","dateModified":"2024-01-23T15:50:56+00:00","breadcrumb":{"@id":"https:\/\/internebest.com\/global-mobility\/#breadcrumb"},"inLanguage":"en-US","potentialAction":[{"@type":"ReadAction","target":["https:\/\/internebest.com\/global-mobility\/"]}]},{"@type":"ImageObject","inLanguage":"en-US","@id":"https:\/\/internebest.com\/global-mobility\/#primaryimage","url":"https:\/\/internebest.com\/wp-content\/uploads\/2022\/03\/Group-130.png","contentUrl":"https:\/\/internebest.com\/wp-content\/uploads\/2022\/03\/Group-130.png"},{"@type":"BreadcrumbList","@id":"https:\/\/internebest.com\/global-mobility\/#breadcrumb","itemListElement":[{"@type":"ListItem","position":1,"name":"Accueil","item":"https:\/\/internebest.com\/"},{"@type":"ListItem","position":2,"name":"Mobilit\u00e9 globale"}]},{"@type":"WebSite","@id":"https:\/\/internebest.com\/#website","url":"https:\/\/internebest.com\/","name":"Internebest","description":"People of excellence","publisher":{"@id":"https:\/\/internebest.com\/#organization"},"potentialAction":[{"@type":"SearchAction","target":{"@type":"EntryPoint","urlTemplate":"https:\/\/internebest.com\/?s={search_term_string}"},"query-input":{"@type":"PropertyValueSpecification","valueRequired":true,"valueName":"search_term_string"}}],"inLanguage":"en-US"},{"@type":"Organization","@id":"https:\/\/internebest.com\/#organization","name":"Internebest","url":"https:\/\/internebest.com\/","logo":{"@type":"ImageObject","inLanguage":"en-US","@id":"https:\/\/internebest.com\/#\/schema\/logo\/image\/","url":"https:\/\/internebest.com\/wp-content\/uploads\/2022\/03\/Logo-Internebest.png","contentUrl":"https:\/\/internebest.com\/wp-content\/uploads\/2022\/03\/Logo-Internebest.png","width":151,"height":88,"caption":"Internebest"},"image":{"@id":"https:\/\/internebest.com\/#\/schema\/logo\/image\/"}}]}},"_links":{"self":[{"href":"https:\/\/internebest.com\/en\/wp-json\/wp\/v2\/pages\/1345","targetHints":{"allow":["GET"]}}],"collection":[{"href":"https:\/\/internebest.com\/en\/wp-json\/wp\/v2\/pages"}],"about":[{"href":"https:\/\/internebest.com\/en\/wp-json\/wp\/v2\/types\/page"}],"author":[{"embeddable":true,"href":"https:\/\/internebest.com\/en\/wp-json\/wp\/v2\/users\/1"}],"replies":[{"embeddable":true,"href":"https:\/\/internebest.com\/en\/wp-json\/wp\/v2\/comments?post=1345"}],"version-history":[{"count":43,"href":"https:\/\/internebest.com\/en\/wp-json\/wp\/v2\/pages\/1345\/revisions"}],"predecessor-version":[{"id":6935,"href":"https:\/\/internebest.com\/en\/wp-json\/wp\/v2\/pages\/1345\/revisions\/6935"}],"wp:attachment":[{"href":"https:\/\/internebest.com\/en\/wp-json\/wp\/v2\/media?parent=1345"}],"curies":[{"name":"wp","href":"https:\/\/api.w.org\/{rel}","templated":true}]}}