{"id":1684,"date":"2022-04-28T07:39:02","date_gmt":"2022-04-28T07:39:02","guid":{"rendered":"https:\/\/internebest.com\/?page_id=1684"},"modified":"2023-12-19T07:44:26","modified_gmt":"2023-12-19T07:44:26","slug":"nous-rejoindre","status":"publish","type":"page","link":"https:\/\/internebest.com\/en\/nous-rejoindre\/","title":{"rendered":"Join us"},"content":{"rendered":"<div data-elementor-type=\"wp-page\" data-elementor-id=\"1684\" class=\"elementor elementor-1684\" data-elementor-post-type=\"page\">\n\t\t\t\t\t\t<section data-particle_enable=\"false\" data-particle-mobile-disabled=\"false\" class=\"elementor-section elementor-top-section elementor-element elementor-element-5aebacf image-nous-rejoindre elementor-section-boxed elementor-section-height-default elementor-section-height-default\" data-id=\"5aebacf\" data-element_type=\"section\" data-e-type=\"section\" data-settings=\"{&quot;background_background&quot;:&quot;classic&quot;}\">\n\t\t\t\t\t\t<div class=\"elementor-container elementor-column-gap-default\">\n\t\t\t\t\t<div class=\"elementor-column elementor-col-100 elementor-top-column elementor-element elementor-element-73a5dc0\" data-id=\"73a5dc0\" data-element_type=\"column\" data-e-type=\"column\">\n\t\t\t<div class=\"elementor-widget-wrap elementor-element-populated\">\n\t\t\t\t\t\t<div class=\"elementor-element elementor-element-a38ecf1 elementor-widget elementor-widget-image\" data-id=\"a38ecf1\" data-element_type=\"widget\" data-e-type=\"widget\" data-widget_type=\"image.default\">\n\t\t\t\t<div class=\"elementor-widget-container\">\n\t\t\t\t\t\t\t\t\t\t\t\t\t\t\t<img fetchpriority=\"high\" decoding=\"async\" width=\"673\" height=\"91\" src=\"https:\/\/internebest.com\/wp-content\/uploads\/2022\/05\/Nous-rejoindre.png\" class=\"attachment-large size-large wp-image-1804\" alt=\"\" srcset=\"https:\/\/internebest.com\/wp-content\/uploads\/2022\/05\/Nous-rejoindre.png 673w, https:\/\/internebest.com\/wp-content\/uploads\/2022\/05\/Nous-rejoindre-300x41.png 300w\" sizes=\"(max-width: 673px) 100vw, 673px\" \/>\t\t\t\t\t\t\t\t\t\t\t\t\t\t\t<\/div>\n\t\t\t\t<\/div>\n\t\t\t\t<div class=\"elementor-element elementor-element-c46bc1e elementor-widget elementor-widget-text-editor\" data-id=\"c46bc1e\" data-element_type=\"widget\" data-e-type=\"widget\" data-widget_type=\"text-editor.default\">\n\t\t\t\t<div class=\"elementor-widget-container\">\n\t\t\t\t\t\t\t\t\t<div class=\"elementor-element elementor-element-6a82825 elementor-widget elementor-widget-text-editor\" data-id=\"6a82825\" data-element_type=\"widget\" data-widget_type=\"text-editor.default\"><div class=\"elementor-widget-container\"><p style=\"text-align: center;\"><span style=\"color: #000080;\">Joining Internebest means joining a company on a human scale, while benefiting from an international network.<\/span><\/p><p style=\"text-align: center;\"><span style=\"color: #000080;\">We look forward to meeting you.<\/span><\/p><\/div><\/div>\t\t\t\t\t\t\t\t<\/div>\n\t\t\t\t<\/div>\n\t\t\t\t\t<\/div>\n\t\t<\/div>\n\t\t\t\t\t<\/div>\n\t\t<\/section>\n\t\t\t\t<section data-particle_enable=\"false\" data-particle-mobile-disabled=\"false\" class=\"elementor-section elementor-top-section elementor-element elementor-element-ad2f4c9 elementor-section-boxed elementor-section-height-default elementor-section-height-default\" data-id=\"ad2f4c9\" data-element_type=\"section\" data-e-type=\"section\">\n\t\t\t\t\t\t<div class=\"elementor-container elementor-column-gap-default\">\n\t\t\t\t\t<div class=\"elementor-column elementor-col-100 elementor-top-column elementor-element elementor-element-2e407a1\" data-id=\"2e407a1\" data-element_type=\"column\" data-e-type=\"column\">\n\t\t\t<div class=\"elementor-widget-wrap elementor-element-populated\">\n\t\t\t\t\t\t<div class=\"elementor-element elementor-element-3bdd696 emploi_full_list elementor-widget elementor-widget-shortcode\" data-id=\"3bdd696\" data-element_type=\"widget\" data-e-type=\"widget\" data-widget_type=\"shortcode.default\">\n\t\t\t\t<div class=\"elementor-widget-container\">\n\t\t\t\t\t\t\t<div class=\"elementor-shortcode\"><section class=\"join_us_\">\n\t\t\t<div class=\"search_job\">\n\t\t\t\t<h4> Filter by category <\/h4>\n\t\t\t\t<div class=\"search_arg\">\n\t\t\t\t\t<form name=\"argument_search\" id=\"arg_search\" method=\"POST\" action=\"\">\n\t\t\t\t\t\t<select name=\"domain-activity\">\n\t\t\t\t\t\t\t<option value=\"-1\">Field of activity<\/option><\/select>\n\t\t\t\t\t\t<select name=\"domain-speciality\">\n\t\t\t\t\t\t\t<option value=\"-1\">Speciality<\/option><\/select>\n\t\t\t\t\t\t<input type=\"hidden\" name=\"add_job\" value=\"10\">\n\t\t\t\t\t\t<input type=\"submit\" id=\"more_job\">\n\t\t\t\t\t<input type=\"hidden\" name=\"trp-form-language\" value=\"en\"\/><\/form>\n\t\t\t\t<\/div>\n\t\t\t<\/div><div class=\"result_job\">\n\t\t\t\t<span class=\"nbr-job\">0 results <br><p class=\"job_not_found\">No results corresponding to the requested criterion<\/p><\/span>\n\t\t\t\t<div class=\"job-active\"><\/div><\/div>\n\t\t<\/section><\/div>\n\t\t\t\t\t\t<\/div>\n\t\t\t\t<\/div>\n\t\t\t\t\t<\/div>\n\t\t<\/div>\n\t\t\t\t\t<\/div>\n\t\t<\/section>\n\t\t\t\t<section data-particle_enable=\"false\" data-particle-mobile-disabled=\"false\" class=\"elementor-section elementor-top-section elementor-element elementor-element-c756216 elementor-section-boxed elementor-section-height-default elementor-section-height-default\" data-id=\"c756216\" data-element_type=\"section\" data-e-type=\"section\">\n\t\t\t\t\t\t<div class=\"elementor-container elementor-column-gap-default\">\n\t\t\t\t\t<div class=\"elementor-column elementor-col-100 elementor-top-column elementor-element elementor-element-56a333b\" data-id=\"56a333b\" data-element_type=\"column\" data-e-type=\"column\">\n\t\t\t<div class=\"elementor-widget-wrap elementor-element-populated\">\n\t\t\t\t\t\t<section data-particle_enable=\"false\" data-particle-mobile-disabled=\"false\" class=\"elementor-section elementor-inner-section elementor-element elementor-element-3a8e991 elementor-section-full_width elementor-reverse-tablet elementor-section-height-default elementor-section-height-default\" data-id=\"3a8e991\" data-element_type=\"section\" data-e-type=\"section\">\n\t\t\t\t\t\t<div class=\"elementor-container elementor-column-gap-default\">\n\t\t\t\t\t<div class=\"elementor-column elementor-col-50 elementor-inner-column elementor-element elementor-element-ab9e7f2 elementor-invisible\" data-id=\"ab9e7f2\" data-element_type=\"column\" data-e-type=\"column\" data-settings=\"{&quot;background_background&quot;:&quot;classic&quot;,&quot;animation&quot;:&quot;fadeInLeft&quot;}\">\n\t\t\t<div class=\"elementor-widget-wrap elementor-element-populated\">\n\t\t\t\t\t<div class=\"elementor-background-overlay\"><\/div>\n\t\t\t\t\t\t<div class=\"elementor-element elementor-element-fc92a9d elementor-widget elementor-widget-image\" data-id=\"fc92a9d\" data-element_type=\"widget\" data-e-type=\"widget\" data-widget_type=\"image.default\">\n\t\t\t\t<div class=\"elementor-widget-container\">\n\t\t\t\t\t\t\t\t\t\t\t\t\t\t\t<img decoding=\"async\" width=\"608\" height=\"800\" src=\"https:\/\/internebest.com\/wp-content\/uploads\/2023\/05\/nous-rejoindre-01.jpg\" class=\"attachment-large size-large wp-image-6603\" alt=\"\" srcset=\"https:\/\/internebest.com\/wp-content\/uploads\/2023\/05\/nous-rejoindre-01.jpg 608w, https:\/\/internebest.com\/wp-content\/uploads\/2023\/05\/nous-rejoindre-01-228x300.jpg 228w, https:\/\/internebest.com\/wp-content\/uploads\/2023\/05\/nous-rejoindre-01-9x12.jpg 9w\" sizes=\"(max-width: 608px) 100vw, 608px\" \/>\t\t\t\t\t\t\t\t\t\t\t\t\t\t\t<\/div>\n\t\t\t\t<\/div>\n\t\t\t\t\t<\/div>\n\t\t<\/div>\n\t\t\t\t<div class=\"elementor-column elementor-col-50 elementor-inner-column elementor-element elementor-element-622ac50\" data-id=\"622ac50\" data-element_type=\"column\" data-e-type=\"column\">\n\t\t\t<div class=\"elementor-widget-wrap elementor-element-populated\">\n\t\t\t\t\t\t<div class=\"elementor-element elementor-element-80578fc elementor-view-default elementor-position-block-start elementor-mobile-position-block-start elementor-widget elementor-widget-icon-box\" data-id=\"80578fc\" data-element_type=\"widget\" data-e-type=\"widget\" data-widget_type=\"icon-box.default\">\n\t\t\t\t<div class=\"elementor-widget-container\">\n\t\t\t\t\t\t\t<div class=\"elementor-icon-box-wrapper\">\n\n\t\t\t\t\t\t<div class=\"elementor-icon-box-icon\">\n\t\t\t\t<span  class=\"elementor-icon\">\n\t\t\t\t<svg xmlns=\"http:\/\/www.w3.org\/2000\/svg\" width=\"94\" height=\"8\" viewbox=\"0 0 94 8\" fill=\"none\"><rect x=\"12.4578\" width=\"81.5422\" height=\"8\" rx=\"4\" fill=\"#28327B\"><\/rect><rect width=\"31.1446\" height=\"8\" rx=\"4\" fill=\"#197FC3\"><\/rect><\/svg>\t\t\t\t<\/span>\n\t\t\t<\/div>\n\t\t\t\n\t\t\t\t\t\t<div class=\"elementor-icon-box-content\">\n\n\t\t\t\t\t\t\t\t\t<h2 class=\"elementor-icon-box-title\">\n\t\t\t\t\t\t<span  >\n\t\t\t\t\t\t\tLooking for<br>an opportunity ?\t\t\t\t\t\t<\/span>\n\t\t\t\t\t<\/h2>\n\t\t\t\t\n\t\t\t\t\n\t\t\t<\/div>\n\t\t\t\n\t\t<\/div>\n\t\t\t\t\t\t<\/div>\n\t\t\t\t<\/div>\n\t\t\t\t<div class=\"elementor-element elementor-element-9bcef5a elementor-tablet-align-center elementor-widget elementor-widget-button\" data-id=\"9bcef5a\" data-element_type=\"widget\" data-e-type=\"widget\" data-widget_type=\"button.default\">\n\t\t\t\t<div class=\"elementor-widget-container\">\n\t\t\t\t\t\t\t\t\t<div class=\"elementor-button-wrapper\">\n\t\t\t\t\t<a class=\"elementor-button elementor-button-link elementor-size-sm\" href=\"https:\/\/inter-nebest.tzportal.io\/\/fr\/jobs\">\n\t\t\t\t\t\t<span class=\"elementor-button-content-wrapper\">\n\t\t\t\t\t\t<span class=\"elementor-button-icon\">\n\t\t\t\t<svg xmlns=\"http:\/\/www.w3.org\/2000\/svg\" width=\"18\" height=\"18\" viewbox=\"0 0 18 18\" fill=\"none\"><path d=\"M18 1C18 0.447716 17.5523 2.86857e-07 17 3.39762e-08L8 8.34766e-07C7.44771 4.97592e-07 7 0.447716 7 1C7 1.55229 7.44772 2 8 2L16 2L16 10C16 10.5523 16.4477 11 17 11C17.5523 11 18 10.5523 18 10L18 1ZM1.70711 17.7071L17.7071 1.70711L16.2929 0.292894L0.292893 16.2929L1.70711 17.7071Z\" fill=\"white\"><\/path><\/svg>\t\t\t<\/span>\n\t\t\t\t\t\t\t\t\t<span class=\"elementor-button-text\">Discover our missions<\/span>\n\t\t\t\t\t<\/span>\n\t\t\t\t\t<\/a>\n\t\t\t\t<\/div>\n\t\t\t\t\t\t\t\t<\/div>\n\t\t\t\t<\/div>\n\t\t\t\t\t<\/div>\n\t\t<\/div>\n\t\t\t\t\t<\/div>\n\t\t<\/section>\n\t\t\t\t\t<\/div>\n\t\t<\/div>\n\t\t\t\t\t<\/div>\n\t\t<\/section>\n\t\t\t\t<section data-particle_enable=\"false\" data-particle-mobile-disabled=\"false\" class=\"dce-visibility-event elementor-section elementor-top-section elementor-element elementor-element-946844d elementor-section-boxed elementor-section-height-default elementor-section-height-default\" data-id=\"946844d\" data-element_type=\"section\" data-e-type=\"section\" id=\"candidature\" data-settings=\"{&quot;background_background&quot;:&quot;classic&quot;,&quot;enabled_visibility&quot;:&quot;yes&quot;,&quot;dce_visibility_selected&quot;:&quot;yes&quot;}\">\n\t\t\t\t\t\t<div class=\"elementor-container elementor-column-gap-default\">\n\t\t\t\t\t<div class=\"elementor-column elementor-col-100 elementor-top-column elementor-element elementor-element-ae793a6\" data-id=\"ae793a6\" data-element_type=\"column\" data-e-type=\"column\">\n\t\t\t<div class=\"elementor-widget-wrap elementor-element-populated\">\n\t\t\t\t\t\t<div class=\"elementor-element elementor-element-dcf7fdc elementor-widget elementor-widget-heading\" data-id=\"dcf7fdc\" data-element_type=\"widget\" data-e-type=\"widget\" data-widget_type=\"heading.default\">\n\t\t\t\t<div class=\"elementor-widget-container\">\n\t\t\t\t\t<h4 class=\"elementor-heading-title elementor-size-default\">Spontaneous application<\/h4>\t\t\t\t<\/div>\n\t\t\t\t<\/div>\n\t\t\t\t<div class=\"elementor-element elementor-element-7f22135 flash-recrut elementor-widget elementor-widget-shortcode\" data-id=\"7f22135\" data-element_type=\"widget\" data-e-type=\"widget\" data-widget_type=\"shortcode.default\">\n\t\t\t\t<div class=\"elementor-widget-container\">\n\t\t\t\t\t\t\t<div class=\"elementor-shortcode\">\n<div class=\"wpcf7 no-js\" id=\"wpcf7-f4289-o1\" lang=\"fr-FR\" dir=\"ltr\" data-wpcf7-id=\"4289\">\n<div class=\"screen-reader-response\"><p role=\"status\" aria-live=\"polite\" aria-atomic=\"true\"><\/p> <ul><\/ul><\/div>\n<form action=\"\/en\/wp-json\/wp\/v2\/pages\/1684#wpcf7-f4289-o1\" method=\"post\" class=\"wpcf7-form init\" aria-label=\"Contact form\" enctype=\"multipart\/form-data\" novalidate=\"novalidate\" data-status=\"init\" data-trp-original-action=\"\/en\/wp-json\/wp\/v2\/pages\/1684#wpcf7-f4289-o1\">\n<fieldset class=\"hidden-fields-container\"><input type=\"hidden\" name=\"_wpcf7\" value=\"4289\" \/><input type=\"hidden\" name=\"_wpcf7_version\" value=\"6.1.5\" \/><input type=\"hidden\" name=\"_wpcf7_locale\" value=\"fr_FR\" \/><input type=\"hidden\" name=\"_wpcf7_unit_tag\" value=\"wpcf7-f4289-o1\" \/><input type=\"hidden\" name=\"_wpcf7_container_post\" value=\"0\" \/><input type=\"hidden\" name=\"_wpcf7_posted_data_hash\" value=\"\" \/><input type=\"hidden\" name=\"_wpcf7dtx_version\" value=\"5.0.5\" \/><input type=\"hidden\" name=\"_wpcf7_recaptcha_response\" value=\"\" \/>\n<\/fieldset>\n<div class=\"civility-user\">\n\t<p><span class=\"titre-civil\">Civility*<\/span>\n\t<\/p>\n\t<p><span class=\"wpcf7-form-control-wrap\" data-name=\"radio-715\"><span class=\"wpcf7-form-control wpcf7-radio civility\"><span class=\"wpcf7-list-item first\"><label><input type=\"radio\" name=\"radio-715\" value=\"Monsieur\" checked=\"checked\" \/><span class=\"wpcf7-list-item-label\">Sir<\/span><\/label><\/span><span class=\"wpcf7-list-item last\"><label><input type=\"radio\" name=\"radio-715\" value=\"Madame\" \/><span class=\"wpcf7-list-item-label\">Mrs.<\/span><\/label><\/span><\/span><\/span>\n\t<\/p>\n<\/div>\n<div class=\"civility_status\">\n\t<p><span class=\"selector_status\"><\/span><br \/>\n<span class=\"mr\" data-value=\"Monsieur\">Sir<\/span><br \/>\n<span class=\"mme\" data-value=\"Madame\">madam<\/span>\n\t<\/p>\n<\/div>\n<div class=\"postulant_info\">\n\t<p><label class=\"name-user\"><br \/>\nLast name*<br \/>\n<span class=\"wpcf7-form-control-wrap\" data-name=\"user-name\"><input size=\"40\" maxlength=\"400\" class=\"wpcf7-form-control wpcf7-text wpcf7-validates-as-required\" aria-required=\"true\" aria-invalid=\"false\" placeholder=\"Your name\" value=\"\" type=\"text\" name=\"user-name\" \/><\/span><br \/>\n<\/label><br \/>\n<label class=\"lastname-user\"><br \/>\nFirst name<br \/>\n<span class=\"wpcf7-form-control-wrap\" data-name=\"user-lastname\"><input size=\"40\" maxlength=\"400\" class=\"wpcf7-form-control wpcf7-text\" aria-invalid=\"false\" placeholder=\"Your first name\" value=\"\" type=\"text\" name=\"user-lastname\" \/><\/span><br \/>\n<\/label><br \/>\n<label class=\"mail-user\"><br \/>\nE-mail address*<br \/>\n<span class=\"wpcf7-form-control-wrap\" data-name=\"user-mail\"><input size=\"40\" maxlength=\"400\" class=\"wpcf7-form-control wpcf7-email wpcf7-validates-as-required wpcf7-text wpcf7-validates-as-email\" aria-required=\"true\" aria-invalid=\"false\" placeholder=\"E-mail\" value=\"\" type=\"email\" name=\"user-mail\" \/><\/span><br \/>\n<\/label><br \/>\n<label class=\"phone-user\"><br \/>\nQuick Contact*<br \/>\n<span class=\"wpcf7-form-control-wrap\" data-name=\"phone_number\"><input size=\"40\" maxlength=\"400\" class=\"wpcf7-form-control wpcf7-tel wpcf7-validates-as-required wpcf7-text wpcf7-validates-as-tel\" aria-required=\"true\" aria-invalid=\"false\" placeholder=\"Your phone number\" value=\"\" type=\"tel\" name=\"phone_number\" \/><\/span><br \/>\n<\/label>\n\t<\/p>\n<\/div>\n<div class=\"info-user\">\n\t<p>Additional information<br \/>\n<span class=\"wpcf7-form-control-wrap\" data-name=\"information\"><textarea cols=\"40\" rows=\"5\" maxlength=\"2000\" class=\"wpcf7-form-control wpcf7-textarea\" aria-invalid=\"false\" placeholder=\"Information\" name=\"information\"><\/textarea><\/span>\n\t<\/p>\n<\/div>\n<p><span class=\"wpcf7-form-control-wrap\" data-name=\"form-field-upload_file_dpost\"><input size=\"40\" class=\"wpcf7-form-control wpcf7-file wpcf7-validates-as-required form-field-upload_file_dpost\" id=\"cv_upload\" accept=\".pdf,.docx\" aria-required=\"true\" aria-invalid=\"false\" type=\"file\" name=\"form-field-upload_file_dpost\" \/><\/span><br \/>\n<span class=\"i-cv\">Your CV *<\/span>\n<\/p>\n<div class=\"c-file2\">\n\t<p><label (required) for=\"cv_upload\"><br \/>\n<span class=\"btn_file\">Import...<\/span><br \/>\n<span class=\"name_file\">File pdf, doc, docx, dot, rtf (1 MB maximum)<\/span><br \/>\n<\/label>\n\t<\/p>\n<\/div>\n<div class=\"form-send-to\">\n\t<p><input class=\"wpcf7-form-control wpcf7-submit has-spinner\" id=\"submit-form2\" type=\"submit\" value=\"I postulate\" \/>\n\t<\/p>\n<\/div>\n<div class=\"send-btn-form\">\n\t<p><label for=\"submit-form2\"> <a class=\"send-cv\">I apply now <img decoding=\"async\" src=\"\/wp-content\/uploads\/2022\/05\/Arrow-4-6.svg\" class=\"fleche-d\" alt=\"Arrow right\" \/><\/a><\/label>\n\t<\/p>\n<\/div>\n<div class=\"wpcf7-response-output\" aria-hidden=\"true\"><\/div>\n<input type=\"hidden\" name=\"trp-form-language\" value=\"en\"\/><\/form>\n<\/div>\n<\/div>\n\t\t\t\t\t\t<\/div>\n\t\t\t\t<\/div>\n\t\t\t\t\t<\/div>\n\t\t<\/div>\n\t\t\t\t\t<\/div>\n\t\t<\/section>\n\t\t\t\t<\/div>","protected":false},"excerpt":{"rendered":"<p>Being part of the Internebest adventure means joining a company on a human scale while benefiting from an international network. We look forward to meeting you. Are you looking for an opportunity? Consult our job offers Unsolicited application<\/p>","protected":false},"author":1,"featured_media":0,"parent":0,"menu_order":0,"comment_status":"closed","ping_status":"closed","template":"","meta":{"_acf_changed":false,"footnotes":""},"class_list":["post-1684","page","type-page","status-publish","hentry"],"acf":[],"yoast_head":"<!-- This site is optimized with the Yoast SEO plugin v27.3 - https:\/\/yoast.com\/product\/yoast-seo-wordpress\/ -->\n<title>Nous rejoindre - Internebest<\/title>\n<meta name=\"robots\" content=\"index, follow, max-snippet:-1, max-image-preview:large, max-video-preview:-1\" \/>\n<link rel=\"canonical\" href=\"https:\/\/internebest.com\/en\/nous-rejoindre\/\" \/>\n<meta property=\"og:locale\" content=\"en_US\" \/>\n<meta property=\"og:type\" content=\"article\" \/>\n<meta property=\"og:title\" content=\"Nous rejoindre - Internebest\" \/>\n<meta property=\"og:description\" content=\"Faire part de l\u2019aventure Internebest, c\u2019est rejoindre une entreprise \u00e0 taille humaine tout en profitant d\u2019un maillage international. Nous avons d\u00e9j\u00e0 h\u00e2te de vous rencontrer. Vous \u00eates \u00e0 la recherched&rsquo;une opportunit\u00e9 ? Consultez nos offres Candidature spontan\u00e9e\" \/>\n<meta property=\"og:url\" content=\"https:\/\/internebest.com\/en\/nous-rejoindre\/\" \/>\n<meta property=\"og:site_name\" content=\"Internebest\" \/>\n<meta property=\"article:modified_time\" content=\"2023-12-19T07:44:26+00:00\" \/>\n<meta property=\"og:image\" content=\"https:\/\/internebest.com\/wp-content\/uploads\/2022\/05\/Nous-rejoindre.png\" \/>\n<meta name=\"twitter:card\" content=\"summary_large_image\" \/>\n<meta name=\"twitter:label1\" content=\"Est. reading time\" \/>\n\t<meta name=\"twitter:data1\" content=\"4 minutes\" \/>\n<script type=\"application\/ld+json\" class=\"yoast-schema-graph\">{\"@context\":\"https:\\\/\\\/schema.org\",\"@graph\":[{\"@type\":\"WebPage\",\"@id\":\"https:\\\/\\\/internebest.com\\\/nous-rejoindre\\\/\",\"url\":\"https:\\\/\\\/internebest.com\\\/nous-rejoindre\\\/\",\"name\":\"Nous rejoindre - Internebest\",\"isPartOf\":{\"@id\":\"https:\\\/\\\/internebest.com\\\/#website\"},\"primaryImageOfPage\":{\"@id\":\"https:\\\/\\\/internebest.com\\\/nous-rejoindre\\\/#primaryimage\"},\"image\":{\"@id\":\"https:\\\/\\\/internebest.com\\\/nous-rejoindre\\\/#primaryimage\"},\"thumbnailUrl\":\"https:\\\/\\\/internebest.com\\\/wp-content\\\/uploads\\\/2022\\\/05\\\/Nous-rejoindre.png\",\"datePublished\":\"2022-04-28T07:39:02+00:00\",\"dateModified\":\"2023-12-19T07:44:26+00:00\",\"breadcrumb\":{\"@id\":\"https:\\\/\\\/internebest.com\\\/nous-rejoindre\\\/#breadcrumb\"},\"inLanguage\":\"en-US\",\"potentialAction\":[{\"@type\":\"ReadAction\",\"target\":[\"https:\\\/\\\/internebest.com\\\/nous-rejoindre\\\/\"]}]},{\"@type\":\"ImageObject\",\"inLanguage\":\"en-US\",\"@id\":\"https:\\\/\\\/internebest.com\\\/nous-rejoindre\\\/#primaryimage\",\"url\":\"https:\\\/\\\/internebest.com\\\/wp-content\\\/uploads\\\/2022\\\/05\\\/Nous-rejoindre.png\",\"contentUrl\":\"https:\\\/\\\/internebest.com\\\/wp-content\\\/uploads\\\/2022\\\/05\\\/Nous-rejoindre.png\"},{\"@type\":\"BreadcrumbList\",\"@id\":\"https:\\\/\\\/internebest.com\\\/nous-rejoindre\\\/#breadcrumb\",\"itemListElement\":[{\"@type\":\"ListItem\",\"position\":1,\"name\":\"Accueil\",\"item\":\"https:\\\/\\\/internebest.com\\\/\"},{\"@type\":\"ListItem\",\"position\":2,\"name\":\"Nous rejoindre\"}]},{\"@type\":\"WebSite\",\"@id\":\"https:\\\/\\\/internebest.com\\\/#website\",\"url\":\"https:\\\/\\\/internebest.com\\\/\",\"name\":\"Internebest\",\"description\":\"People of excellence\",\"publisher\":{\"@id\":\"https:\\\/\\\/internebest.com\\\/#organization\"},\"potentialAction\":[{\"@type\":\"SearchAction\",\"target\":{\"@type\":\"EntryPoint\",\"urlTemplate\":\"https:\\\/\\\/internebest.com\\\/?s={search_term_string}\"},\"query-input\":{\"@type\":\"PropertyValueSpecification\",\"valueRequired\":true,\"valueName\":\"search_term_string\"}}],\"inLanguage\":\"en-US\"},{\"@type\":\"Organization\",\"@id\":\"https:\\\/\\\/internebest.com\\\/#organization\",\"name\":\"Internebest\",\"url\":\"https:\\\/\\\/internebest.com\\\/\",\"logo\":{\"@type\":\"ImageObject\",\"inLanguage\":\"en-US\",\"@id\":\"https:\\\/\\\/internebest.com\\\/#\\\/schema\\\/logo\\\/image\\\/\",\"url\":\"https:\\\/\\\/internebest.com\\\/wp-content\\\/uploads\\\/2022\\\/03\\\/Logo-Internebest.png\",\"contentUrl\":\"https:\\\/\\\/internebest.com\\\/wp-content\\\/uploads\\\/2022\\\/03\\\/Logo-Internebest.png\",\"width\":151,\"height\":88,\"caption\":\"Internebest\"},\"image\":{\"@id\":\"https:\\\/\\\/internebest.com\\\/#\\\/schema\\\/logo\\\/image\\\/\"}}]}<\/script>\n<!-- \/ Yoast SEO plugin. -->","yoast_head_json":{"title":"Nous rejoindre - Internebest","robots":{"index":"index","follow":"follow","max-snippet":"max-snippet:-1","max-image-preview":"max-image-preview:large","max-video-preview":"max-video-preview:-1"},"canonical":"https:\/\/internebest.com\/en\/nous-rejoindre\/","og_locale":"en_US","og_type":"article","og_title":"Nous rejoindre - Internebest","og_description":"Faire part de l\u2019aventure Internebest, c\u2019est rejoindre une entreprise \u00e0 taille humaine tout en profitant d\u2019un maillage international. Nous avons d\u00e9j\u00e0 h\u00e2te de vous rencontrer. Vous \u00eates \u00e0 la recherched&rsquo;une opportunit\u00e9 ? Consultez nos offres Candidature spontan\u00e9e","og_url":"https:\/\/internebest.com\/en\/nous-rejoindre\/","og_site_name":"Internebest","article_modified_time":"2023-12-19T07:44:26+00:00","og_image":[{"url":"https:\/\/internebest.com\/wp-content\/uploads\/2022\/05\/Nous-rejoindre.png","type":"","width":"","height":""}],"twitter_card":"summary_large_image","twitter_misc":{"Est. reading time":"4 minutes"},"schema":{"@context":"https:\/\/schema.org","@graph":[{"@type":"WebPage","@id":"https:\/\/internebest.com\/nous-rejoindre\/","url":"https:\/\/internebest.com\/nous-rejoindre\/","name":"Nous rejoindre - Internebest","isPartOf":{"@id":"https:\/\/internebest.com\/#website"},"primaryImageOfPage":{"@id":"https:\/\/internebest.com\/nous-rejoindre\/#primaryimage"},"image":{"@id":"https:\/\/internebest.com\/nous-rejoindre\/#primaryimage"},"thumbnailUrl":"https:\/\/internebest.com\/wp-content\/uploads\/2022\/05\/Nous-rejoindre.png","datePublished":"2022-04-28T07:39:02+00:00","dateModified":"2023-12-19T07:44:26+00:00","breadcrumb":{"@id":"https:\/\/internebest.com\/nous-rejoindre\/#breadcrumb"},"inLanguage":"en-US","potentialAction":[{"@type":"ReadAction","target":["https:\/\/internebest.com\/nous-rejoindre\/"]}]},{"@type":"ImageObject","inLanguage":"en-US","@id":"https:\/\/internebest.com\/nous-rejoindre\/#primaryimage","url":"https:\/\/internebest.com\/wp-content\/uploads\/2022\/05\/Nous-rejoindre.png","contentUrl":"https:\/\/internebest.com\/wp-content\/uploads\/2022\/05\/Nous-rejoindre.png"},{"@type":"BreadcrumbList","@id":"https:\/\/internebest.com\/nous-rejoindre\/#breadcrumb","itemListElement":[{"@type":"ListItem","position":1,"name":"Accueil","item":"https:\/\/internebest.com\/"},{"@type":"ListItem","position":2,"name":"Nous rejoindre"}]},{"@type":"WebSite","@id":"https:\/\/internebest.com\/#website","url":"https:\/\/internebest.com\/","name":"Internebest","description":"People of excellence","publisher":{"@id":"https:\/\/internebest.com\/#organization"},"potentialAction":[{"@type":"SearchAction","target":{"@type":"EntryPoint","urlTemplate":"https:\/\/internebest.com\/?s={search_term_string}"},"query-input":{"@type":"PropertyValueSpecification","valueRequired":true,"valueName":"search_term_string"}}],"inLanguage":"en-US"},{"@type":"Organization","@id":"https:\/\/internebest.com\/#organization","name":"Internebest","url":"https:\/\/internebest.com\/","logo":{"@type":"ImageObject","inLanguage":"en-US","@id":"https:\/\/internebest.com\/#\/schema\/logo\/image\/","url":"https:\/\/internebest.com\/wp-content\/uploads\/2022\/03\/Logo-Internebest.png","contentUrl":"https:\/\/internebest.com\/wp-content\/uploads\/2022\/03\/Logo-Internebest.png","width":151,"height":88,"caption":"Internebest"},"image":{"@id":"https:\/\/internebest.com\/#\/schema\/logo\/image\/"}}]}},"_links":{"self":[{"href":"https:\/\/internebest.com\/en\/wp-json\/wp\/v2\/pages\/1684","targetHints":{"allow":["GET"]}}],"collection":[{"href":"https:\/\/internebest.com\/en\/wp-json\/wp\/v2\/pages"}],"about":[{"href":"https:\/\/internebest.com\/en\/wp-json\/wp\/v2\/types\/page"}],"author":[{"embeddable":true,"href":"https:\/\/internebest.com\/en\/wp-json\/wp\/v2\/users\/1"}],"replies":[{"embeddable":true,"href":"https:\/\/internebest.com\/en\/wp-json\/wp\/v2\/comments?post=1684"}],"version-history":[{"count":31,"href":"https:\/\/internebest.com\/en\/wp-json\/wp\/v2\/pages\/1684\/revisions"}],"predecessor-version":[{"id":7087,"href":"https:\/\/internebest.com\/en\/wp-json\/wp\/v2\/pages\/1684\/revisions\/7087"}],"wp:attachment":[{"href":"https:\/\/internebest.com\/en\/wp-json\/wp\/v2\/media?parent=1684"}],"curies":[{"name":"wp","href":"https:\/\/api.w.org\/{rel}","templated":true}]}}