{"id":1773,"date":"2022-04-28T14:15:53","date_gmt":"2022-04-28T14:15:53","guid":{"rendered":"https:\/\/internebest.com\/?page_id=1773"},"modified":"2025-02-12T15:16:11","modified_gmt":"2025-02-12T15:16:11","slug":"nos-implantations","status":"publish","type":"page","link":"https:\/\/internebest.com\/en\/nos-implantations\/","title":{"rendered":"Our locations"},"content":{"rendered":"<div data-elementor-type=\"wp-page\" data-elementor-id=\"1773\" class=\"elementor elementor-1773\" data-elementor-post-type=\"page\">\n\t\t\t\t\t\t<section data-particle_enable=\"false\" data-particle-mobile-disabled=\"false\" class=\"elementor-section elementor-top-section elementor-element elementor-element-6ddec06 elementor-section-boxed elementor-section-height-default elementor-section-height-default\" data-id=\"6ddec06\" data-element_type=\"section\" data-e-type=\"section\">\n\t\t\t\t\t\t<div class=\"elementor-container elementor-column-gap-default\">\n\t\t\t\t\t<div class=\"elementor-column elementor-col-100 elementor-top-column elementor-element elementor-element-eda6b3a\" data-id=\"eda6b3a\" data-element_type=\"column\" data-e-type=\"column\">\n\t\t\t<div class=\"elementor-widget-wrap elementor-element-populated\">\n\t\t\t\t\t\t<div class=\"elementor-element elementor-element-db089b8 elementor-hidden-desktop elementor-widget elementor-widget-heading\" data-id=\"db089b8\" data-element_type=\"widget\" data-e-type=\"widget\" data-widget_type=\"heading.default\">\n\t\t\t\t<div class=\"elementor-widget-container\">\n\t\t\t\t\t<h2 class=\"elementor-heading-title elementor-size-default\">Our international locations<\/h2>\t\t\t\t<\/div>\n\t\t\t\t<\/div>\n\t\t\t\t<div class=\"elementor-element elementor-element-a855976 elementor-hidden-tablet elementor-hidden-mobile elementor-widget elementor-widget-heading\" data-id=\"a855976\" data-element_type=\"widget\" data-e-type=\"widget\" data-widget_type=\"heading.default\">\n\t\t\t\t<div class=\"elementor-widget-container\">\n\t\t\t\t\t<h2 class=\"elementor-heading-title elementor-size-default\">Our locations <\/h2>\t\t\t\t<\/div>\n\t\t\t\t<\/div>\n\t\t\t\t<div class=\"elementor-element elementor-element-24544df elementor-hidden-tablet elementor-hidden-mobile elementor-widget elementor-widget-heading\" data-id=\"24544df\" data-element_type=\"widget\" data-e-type=\"widget\" data-widget_type=\"heading.default\">\n\t\t\t\t<div class=\"elementor-widget-container\">\n\t\t\t\t\t<h2 class=\"elementor-heading-title elementor-size-default\"> international<\/h2>\t\t\t\t<\/div>\n\t\t\t\t<\/div>\n\t\t\t\t<div class=\"elementor-element elementor-element-e68984a elementor-hidden-desktop elementor-widget elementor-widget-heading\" data-id=\"e68984a\" data-element_type=\"widget\" data-e-type=\"widget\" data-widget_type=\"heading.default\">\n\t\t\t\t<div class=\"elementor-widget-container\">\n\t\t\t\t\t<h2 class=\"elementor-heading-title elementor-size-default\">1652 Collaborations<\/h2>\t\t\t\t<\/div>\n\t\t\t\t<\/div>\n\t\t\t\t\t<\/div>\n\t\t<\/div>\n\t\t\t\t\t<\/div>\n\t\t<\/section>\n\t\t\t\t<section data-particle_enable=\"false\" data-particle-mobile-disabled=\"false\" class=\"elementor-section elementor-top-section elementor-element elementor-element-31561c59 elementor-section-height-min-height elementor-section-boxed elementor-section-height-default elementor-section-items-middle\" data-id=\"31561c59\" data-element_type=\"section\" data-e-type=\"section\" data-settings=\"{&quot;background_background&quot;:&quot;classic&quot;}\">\n\t\t\t\t\t\t<div class=\"elementor-container elementor-column-gap-default\">\n\t\t\t\t\t<div class=\"elementor-column elementor-col-100 elementor-top-column elementor-element elementor-element-2aefcc5d\" data-id=\"2aefcc5d\" data-element_type=\"column\" data-e-type=\"column\">\n\t\t\t<div class=\"elementor-widget-wrap elementor-element-populated\">\n\t\t\t\t\t\t<section data-particle_enable=\"false\" data-particle-mobile-disabled=\"false\" class=\"elementor-section elementor-inner-section elementor-element elementor-element-13474ab2 elementor-section-full_width elementor-section-height-min-height elementor-section-height-default\" data-id=\"13474ab2\" data-element_type=\"section\" data-e-type=\"section\" data-settings=\"{&quot;background_background&quot;:&quot;classic&quot;}\">\n\t\t\t\t\t\t<div class=\"elementor-container elementor-column-gap-default\">\n\t\t\t\t\t<div class=\"elementor-column elementor-col-50 elementor-inner-column elementor-element elementor-element-66f7f48b\" data-id=\"66f7f48b\" data-element_type=\"column\" data-e-type=\"column\">\n\t\t\t<div class=\"elementor-widget-wrap elementor-element-populated\">\n\t\t\t\t\t\t<div class=\"elementor-element elementor-element-3f70b3de elementor-widget elementor-widget-heading\" data-id=\"3f70b3de\" data-element_type=\"widget\" data-e-type=\"widget\" data-widget_type=\"heading.default\">\n\t\t\t\t<div class=\"elementor-widget-container\">\n\t\t\t\t\t<h2 class=\"elementor-heading-title elementor-size-default\">Worldwide<\/h2>\t\t\t\t<\/div>\n\t\t\t\t<\/div>\n\t\t\t\t<div class=\"elementor-element elementor-element-52ccec59 elementor-widget__width-initial elementor-widget-tablet__width-initial elementor-widget-mobile__width-initial elementor-widget elementor-widget-text-editor\" data-id=\"52ccec59\" data-element_type=\"widget\" data-e-type=\"widget\" data-widget_type=\"text-editor.default\">\n\t\t\t\t<div class=\"elementor-widget-container\">\n\t\t\t\t\t\t\t\t\t<p>We are proud of Internebest's international reach, and our locations are proof of our determination to be as close as possible to our customers.<\/p><p>You can rely on us, wherever you are.<\/p><p>International contact : <span style=\"color: #197fc3;\"><a style=\"color: #197fc3;\" href=\"mailto:operations@internebest.com\">operations@internebest.com<\/a><\/span><\/p>\t\t\t\t\t\t\t\t<\/div>\n\t\t\t\t<\/div>\n\t\t\t\t\t<\/div>\n\t\t<\/div>\n\t\t\t\t<div class=\"elementor-column elementor-col-50 elementor-inner-column elementor-element elementor-element-76f2e7ae\" data-id=\"76f2e7ae\" data-element_type=\"column\" data-e-type=\"column\">\n\t\t\t<div class=\"elementor-widget-wrap elementor-element-populated\">\n\t\t\t\t\t\t<div class=\"elementor-element elementor-element-6c393c03 elementor-widget__width-initial imp_nbr elementor-widget elementor-widget-icon-box\" data-id=\"6c393c03\" data-element_type=\"widget\" data-e-type=\"widget\" data-widget_type=\"icon-box.default\">\n\t\t\t\t<div class=\"elementor-widget-container\">\n\t\t\t\t\t\t\t<div class=\"elementor-icon-box-wrapper\">\n\n\t\t\t\n\t\t\t\t\t\t<div class=\"elementor-icon-box-content\">\n\n\t\t\t\t\t\t\t\t\t<h3 class=\"elementor-icon-box-title\">\n\t\t\t\t\t\t<span  >\n\t\t\t\t\t\t\t30+\t\t\t\t\t\t<\/span>\n\t\t\t\t\t<\/h3>\n\t\t\t\t\n\t\t\t\t\t\t\t\t\t<p class=\"elementor-icon-box-description\">\n\t\t\t\t\t\tYears of experience \t\t\t\t\t<\/p>\n\t\t\t\t\n\t\t\t<\/div>\n\t\t\t\n\t\t<\/div>\n\t\t\t\t\t\t<\/div>\n\t\t\t\t<\/div>\n\t\t\t\t<div class=\"elementor-element elementor-element-4f8d67ea elementor-widget__width-initial imp_nbr elementor-widget elementor-widget-icon-box\" data-id=\"4f8d67ea\" data-element_type=\"widget\" data-e-type=\"widget\" data-widget_type=\"icon-box.default\">\n\t\t\t\t<div class=\"elementor-widget-container\">\n\t\t\t\t\t\t\t<div class=\"elementor-icon-box-wrapper\">\n\n\t\t\t\n\t\t\t\t\t\t<div class=\"elementor-icon-box-content\">\n\n\t\t\t\t\t\t\t\t\t<h3 class=\"elementor-icon-box-title\">\n\t\t\t\t\t\t<span  >\n\t\t\t\t\t\t\t100+\t\t\t\t\t\t<\/span>\n\t\t\t\t\t<\/h3>\n\t\t\t\t\n\t\t\t\t\t\t\t\t\t<p class=\"elementor-icon-box-description\">\n\t\t\t\t\t\tConsultants\t\t\t\t\t<\/p>\n\t\t\t\t\n\t\t\t<\/div>\n\t\t\t\n\t\t<\/div>\n\t\t\t\t\t\t<\/div>\n\t\t\t\t<\/div>\n\t\t\t\t<div class=\"elementor-element elementor-element-21ad8245 elementor-widget__width-initial elementor-widget-divider--view-line elementor-widget elementor-widget-divider\" data-id=\"21ad8245\" data-element_type=\"widget\" data-e-type=\"widget\" data-widget_type=\"divider.default\">\n\t\t\t\t<div class=\"elementor-widget-container\">\n\t\t\t\t\t\t\t<div class=\"elementor-divider\">\n\t\t\t<span class=\"elementor-divider-separator\">\n\t\t\t\t\t\t<\/span>\n\t\t<\/div>\n\t\t\t\t\t\t<\/div>\n\t\t\t\t<\/div>\n\t\t\t\t<div class=\"elementor-element elementor-element-6057dd14 elementor-widget__width-initial elementor-widget-divider--view-line elementor-widget elementor-widget-divider\" data-id=\"6057dd14\" data-element_type=\"widget\" data-e-type=\"widget\" data-widget_type=\"divider.default\">\n\t\t\t\t<div class=\"elementor-widget-container\">\n\t\t\t\t\t\t\t<div class=\"elementor-divider\">\n\t\t\t<span class=\"elementor-divider-separator\">\n\t\t\t\t\t\t<\/span>\n\t\t<\/div>\n\t\t\t\t\t\t<\/div>\n\t\t\t\t<\/div>\n\t\t\t\t<div class=\"elementor-element elementor-element-1c02d6df elementor-widget__width-initial imp_nbr elementor-widget elementor-widget-icon-box\" data-id=\"1c02d6df\" data-element_type=\"widget\" data-e-type=\"widget\" data-widget_type=\"icon-box.default\">\n\t\t\t\t<div class=\"elementor-widget-container\">\n\t\t\t\t\t\t\t<div class=\"elementor-icon-box-wrapper\">\n\n\t\t\t\n\t\t\t\t\t\t<div class=\"elementor-icon-box-content\">\n\n\t\t\t\t\t\t\t\t\t<h3 class=\"elementor-icon-box-title\">\n\t\t\t\t\t\t<span  >\n\t\t\t\t\t\t\t15\t\t\t\t\t\t<\/span>\n\t\t\t\t\t<\/h3>\n\t\t\t\t\n\t\t\t\t\t\t\t\t\t<p class=\"elementor-icon-box-description\">\n\t\t\t\t\t\tCountry of intervention\t\t\t\t\t<\/p>\n\t\t\t\t\n\t\t\t<\/div>\n\t\t\t\n\t\t<\/div>\n\t\t\t\t\t\t<\/div>\n\t\t\t\t<\/div>\n\t\t\t\t\t<\/div>\n\t\t<\/div>\n\t\t\t\t\t<\/div>\n\t\t<\/section>\n\t\t\t\t\t<\/div>\n\t\t<\/div>\n\t\t\t\t\t<\/div>\n\t\t<\/section>\n\t\t\t\t<section data-particle_enable=\"false\" data-particle-mobile-disabled=\"false\" class=\"elementor-section elementor-top-section elementor-element elementor-element-4beccad5 elementor-section-boxed elementor-section-height-default elementor-section-height-default\" data-id=\"4beccad5\" data-element_type=\"section\" data-e-type=\"section\">\n\t\t\t\t\t\t<div class=\"elementor-container elementor-column-gap-default\">\n\t\t\t\t\t<div class=\"elementor-column elementor-col-100 elementor-top-column elementor-element elementor-element-43dbe136\" data-id=\"43dbe136\" data-element_type=\"column\" data-e-type=\"column\">\n\t\t\t<div class=\"elementor-widget-wrap elementor-element-populated\">\n\t\t\t\t\t\t<section data-particle_enable=\"false\" data-particle-mobile-disabled=\"false\" class=\"elementor-section elementor-inner-section elementor-element elementor-element-5fc3493f elementor-section-full_width test elementor-section-height-default elementor-section-height-default\" data-id=\"5fc3493f\" data-element_type=\"section\" data-e-type=\"section\">\n\t\t\t\t\t\t<div class=\"elementor-container elementor-column-gap-default\">\n\t\t\t\t\t<div class=\"make-column-clickable-elementor elementor-column elementor-col-50 elementor-inner-column elementor-element elementor-element-4f38dc83 addr_implantation_g\" style=\"cursor: pointer;\" data-column-clickable=\"tel:+33468474003\" data-column-clickable-blank=\"_self\" data-id=\"4f38dc83\" data-element_type=\"column\" data-e-type=\"column\">\n\t\t\t<div class=\"elementor-widget-wrap elementor-element-populated\">\n\t\t\t\t\t\t<div class=\"elementor-element elementor-element-4d6477b elementor-widget__width-initial elementor-widget-tablet__width-initial elementor-widget elementor-widget-heading\" data-id=\"4d6477b\" data-element_type=\"widget\" data-e-type=\"widget\" data-widget_type=\"heading.default\">\n\t\t\t\t<div class=\"elementor-widget-container\">\n\t\t\t\t\t<h3 class=\"elementor-heading-title elementor-size-default\">Paris - FRANCE<\/h3>\t\t\t\t<\/div>\n\t\t\t\t<\/div>\n\t\t\t\t<div class=\"elementor-element elementor-element-713221d7 elementor-widget__width-initial elementor-widget elementor-widget-text-editor\" data-id=\"713221d7\" data-element_type=\"widget\" data-e-type=\"widget\" data-widget_type=\"text-editor.default\">\n\t\t\t\t<div class=\"elementor-widget-container\">\n\t\t\t\t\t\t\t\t\t<p>144 Boulevard Haussmann, 75008 Paris<\/p>\t\t\t\t\t\t\t\t<\/div>\n\t\t\t\t<\/div>\n\t\t\t\t<div class=\"elementor-element elementor-element-5af6700b elementor-icon-list--layout-traditional elementor-list-item-link-full_width elementor-widget elementor-widget-icon-list\" data-id=\"5af6700b\" data-element_type=\"widget\" data-e-type=\"widget\" data-widget_type=\"icon-list.default\">\n\t\t\t\t<div class=\"elementor-widget-container\">\n\t\t\t\t\t\t\t<ul class=\"elementor-icon-list-items\">\n\t\t\t\t\t\t\t<li class=\"elementor-icon-list-item\">\n\t\t\t\t\t\t\t\t\t\t\t<a href=\"tel:+33142665728%20\">\n\n\t\t\t\t\t\t\t\t\t\t\t\t<span class=\"elementor-icon-list-icon\">\n\t\t\t\t\t\t\t<svg xmlns=\"http:\/\/www.w3.org\/2000\/svg\" width=\"14\" height=\"14\" viewbox=\"0 0 14 14\" fill=\"none\"><path d=\"M9.33393 9.94971L10.5395 8.74368C10.7018 8.58326 10.9073 8.47345 11.1308 8.42757C11.3544 8.3817 11.5864 8.40174 11.7988 8.48525L13.2681 9.07211C13.4827 9.15927 13.6667 9.30803 13.797 9.49966C13.9272 9.69128 13.9979 9.91719 14 10.1489V12.8409C13.9988 12.9986 13.9656 13.1543 13.9026 13.2988C13.8396 13.4433 13.748 13.5735 13.6334 13.6817C13.5188 13.7898 13.3834 13.8737 13.2355 13.9281C13.0877 13.9825 12.9303 14.0065 12.7729 13.9985C2.47744 13.3578 0.400043 4.63567 0.00716727 1.29757C-0.0110703 1.13365 0.00559289 0.967719 0.0560605 0.8107C0.106528 0.653681 0.189656 0.509132 0.299977 0.386561C0.410297 0.26399 0.545309 0.166176 0.69613 0.0995532C0.846951 0.0329307 1.01016 -0.000990209 1.17503 2.2004e-05H3.77447C4.00643 0.000708891 4.23288 0.0708044 4.4247 0.201293C4.61652 0.331781 4.76493 0.516695 4.85084 0.73225L5.43746 2.20209C5.52371 2.41372 5.54571 2.64608 5.50073 2.87015C5.45574 3.09421 5.34576 3.30005 5.18452 3.46195L3.97898 4.66797C3.97898 4.66797 4.67324 9.36823 9.33393 9.94971Z\" fill=\"#197FC3\"><\/path><\/svg>\t\t\t\t\t\t<\/span>\n\t\t\t\t\t\t\t\t\t\t<span class=\"elementor-icon-list-text\">(+33) 1 42 66 57 28 <\/span>\n\t\t\t\t\t\t\t\t\t\t\t<\/a>\n\t\t\t\t\t\t\t\t\t<\/li>\n\t\t\t\t\t\t\t\t<li class=\"elementor-icon-list-item\">\n\t\t\t\t\t\t\t\t\t\t\t<a href=\"mailto:operations@internebest.com\">\n\n\t\t\t\t\t\t\t\t\t\t\t\t<span class=\"elementor-icon-list-icon\">\n\t\t\t\t\t\t\t<i aria-hidden=\"true\" class=\"far fa-envelope\"><\/i>\t\t\t\t\t\t<\/span>\n\t\t\t\t\t\t\t\t\t\t<span class=\"elementor-icon-list-text\">operations@internebest.com<\/span>\n\t\t\t\t\t\t\t\t\t\t\t<\/a>\n\t\t\t\t\t\t\t\t\t<\/li>\n\t\t\t\t\t\t<\/ul>\n\t\t\t\t\t\t<\/div>\n\t\t\t\t<\/div>\n\t\t\t\t\t<\/div>\n\t\t<\/div>\n\t\t\t\t<div class=\"make-column-clickable-elementor elementor-column elementor-col-50 elementor-inner-column elementor-element elementor-element-294e3885 addr_implantation_d\" style=\"cursor: pointer;\" data-column-clickable=\"tel:+33468474003\" data-column-clickable-blank=\"_self\" data-id=\"294e3885\" data-element_type=\"column\" data-e-type=\"column\">\n\t\t\t<div class=\"elementor-widget-wrap elementor-element-populated\">\n\t\t\t\t\t\t<div class=\"elementor-element elementor-element-3b7e8317 elementor-widget__width-initial elementor-widget elementor-widget-heading\" data-id=\"3b7e8317\" data-element_type=\"widget\" data-e-type=\"widget\" data-widget_type=\"heading.default\">\n\t\t\t\t<div class=\"elementor-widget-container\">\n\t\t\t\t\t<h3 class=\"elementor-heading-title elementor-size-default\">Luanda - ANGOLA<\/h3>\t\t\t\t<\/div>\n\t\t\t\t<\/div>\n\t\t\t\t<div class=\"elementor-element elementor-element-470849b5 elementor-widget__width-initial elementor-widget elementor-widget-text-editor\" data-id=\"470849b5\" data-element_type=\"widget\" data-e-type=\"widget\" data-widget_type=\"text-editor.default\">\n\t\t\t\t<div class=\"elementor-widget-container\">\n\t\t\t\t\t\t\t\t\t<p>Robnel, Bairro Golf 2, bloco n27, R\/C, Angola<\/p>\t\t\t\t\t\t\t\t<\/div>\n\t\t\t\t<\/div>\n\t\t\t\t<div class=\"elementor-element elementor-element-865c978 elementor-icon-list--layout-traditional elementor-list-item-link-full_width elementor-widget elementor-widget-icon-list\" data-id=\"865c978\" data-element_type=\"widget\" data-e-type=\"widget\" data-widget_type=\"icon-list.default\">\n\t\t\t\t<div class=\"elementor-widget-container\">\n\t\t\t\t\t\t\t<ul class=\"elementor-icon-list-items\">\n\t\t\t\t\t\t\t<li class=\"elementor-icon-list-item\">\n\t\t\t\t\t\t\t\t\t\t\t<a href=\"tel:+244917638504\">\n\n\t\t\t\t\t\t\t\t\t\t\t\t<span class=\"elementor-icon-list-icon\">\n\t\t\t\t\t\t\t<svg xmlns=\"http:\/\/www.w3.org\/2000\/svg\" width=\"14\" height=\"14\" viewbox=\"0 0 14 14\" fill=\"none\"><path d=\"M9.33393 9.94971L10.5395 8.74368C10.7018 8.58326 10.9073 8.47345 11.1308 8.42757C11.3544 8.3817 11.5864 8.40174 11.7988 8.48525L13.2681 9.07211C13.4827 9.15927 13.6667 9.30803 13.797 9.49966C13.9272 9.69128 13.9979 9.91719 14 10.1489V12.8409C13.9988 12.9986 13.9656 13.1543 13.9026 13.2988C13.8396 13.4433 13.748 13.5735 13.6334 13.6817C13.5188 13.7898 13.3834 13.8737 13.2355 13.9281C13.0877 13.9825 12.9303 14.0065 12.7729 13.9985C2.47744 13.3578 0.400043 4.63567 0.00716727 1.29757C-0.0110703 1.13365 0.00559289 0.967719 0.0560605 0.8107C0.106528 0.653681 0.189656 0.509132 0.299977 0.386561C0.410297 0.26399 0.545309 0.166176 0.69613 0.0995532C0.846951 0.0329307 1.01016 -0.000990209 1.17503 2.2004e-05H3.77447C4.00643 0.000708891 4.23288 0.0708044 4.4247 0.201293C4.61652 0.331781 4.76493 0.516695 4.85084 0.73225L5.43746 2.20209C5.52371 2.41372 5.54571 2.64608 5.50073 2.87015C5.45574 3.09421 5.34576 3.30005 5.18452 3.46195L3.97898 4.66797C3.97898 4.66797 4.67324 9.36823 9.33393 9.94971Z\" fill=\"#197FC3\"><\/path><\/svg>\t\t\t\t\t\t<\/span>\n\t\t\t\t\t\t\t\t\t\t<span class=\"elementor-icon-list-text\">+244 917 638 504<\/span>\n\t\t\t\t\t\t\t\t\t\t\t<\/a>\n\t\t\t\t\t\t\t\t\t<\/li>\n\t\t\t\t\t\t\t\t<li class=\"elementor-icon-list-item\">\n\t\t\t\t\t\t\t\t\t\t\t<a href=\"mailto:geral@atisnebest.com\">\n\n\t\t\t\t\t\t\t\t\t\t\t\t<span class=\"elementor-icon-list-icon\">\n\t\t\t\t\t\t\t<i aria-hidden=\"true\" class=\"far fa-envelope\"><\/i>\t\t\t\t\t\t<\/span>\n\t\t\t\t\t\t\t\t\t\t<span class=\"elementor-icon-list-text\">geral@atisnebest.com<\/span>\n\t\t\t\t\t\t\t\t\t\t\t<\/a>\n\t\t\t\t\t\t\t\t\t<\/li>\n\t\t\t\t\t\t<\/ul>\n\t\t\t\t\t\t<\/div>\n\t\t\t\t<\/div>\n\t\t\t\t\t<\/div>\n\t\t<\/div>\n\t\t\t\t\t<\/div>\n\t\t<\/section>\n\t\t\t\t\t<\/div>\n\t\t<\/div>\n\t\t\t\t\t<\/div>\n\t\t<\/section>\n\t\t\t\t<\/div>","protected":false},"excerpt":{"rendered":"<p>Nos implantations internationales Nos implantations internationales 1652 Collaborations Monde Nous sommes fiers du rayonnement international d\u2019Internebest, nos implantations t\u00e9moignent de notre volont\u00e9 \u00e0 \u00eatre au plus proche de nos clients. Vous pouvez compter sur nous, o\u00f9 que vous soyez. Contact international : operations@internebest.com 30+ Ann\u00e9es d&rsquo;exp\u00e9rience 100+ Consultants 15 Pays d&rsquo;intervention Paris &#8211; FRANCE 144 [&hellip;]<\/p>\n","protected":false},"author":1,"featured_media":0,"parent":0,"menu_order":0,"comment_status":"closed","ping_status":"closed","template":"","meta":{"_acf_changed":false,"footnotes":""},"class_list":["post-1773","page","type-page","status-publish","hentry"],"acf":[],"yoast_head":"<!-- This site is optimized with the Yoast SEO plugin v27.3 - https:\/\/yoast.com\/product\/yoast-seo-wordpress\/ -->\n<title>Nos implantations - Internebest<\/title>\n<meta name=\"robots\" content=\"index, follow, max-snippet:-1, max-image-preview:large, max-video-preview:-1\" \/>\n<link rel=\"canonical\" href=\"https:\/\/internebest.com\/en\/nos-implantations\/\" \/>\n<meta property=\"og:locale\" content=\"en_US\" \/>\n<meta property=\"og:type\" content=\"article\" \/>\n<meta property=\"og:title\" content=\"Nos implantations - Internebest\" \/>\n<meta property=\"og:description\" content=\"Nos implantations internationales Nos implantations internationales 1652 Collaborations Monde Nous sommes fiers du rayonnement international d\u2019Internebest, nos implantations t\u00e9moignent de notre volont\u00e9 \u00e0 \u00eatre au plus proche de nos clients. Vous pouvez compter sur nous, o\u00f9 que vous soyez. Contact international : operations@internebest.com 30+ Ann\u00e9es d&rsquo;exp\u00e9rience 100+ Consultants 15 Pays d&rsquo;intervention Paris &#8211; FRANCE 144 [&hellip;]\" \/>\n<meta property=\"og:url\" content=\"https:\/\/internebest.com\/en\/nos-implantations\/\" \/>\n<meta property=\"og:site_name\" content=\"Internebest\" \/>\n<meta property=\"article:modified_time\" content=\"2025-02-12T15:16:11+00:00\" \/>\n<meta name=\"twitter:card\" content=\"summary_large_image\" \/>\n<meta name=\"twitter:label1\" content=\"Est. reading time\" \/>\n\t<meta name=\"twitter:data1\" content=\"1 minute\" \/>\n<script type=\"application\/ld+json\" class=\"yoast-schema-graph\">{\"@context\":\"https:\\\/\\\/schema.org\",\"@graph\":[{\"@type\":\"WebPage\",\"@id\":\"https:\\\/\\\/internebest.com\\\/nos-implantations\\\/\",\"url\":\"https:\\\/\\\/internebest.com\\\/nos-implantations\\\/\",\"name\":\"Nos implantations - Internebest\",\"isPartOf\":{\"@id\":\"https:\\\/\\\/internebest.com\\\/#website\"},\"datePublished\":\"2022-04-28T14:15:53+00:00\",\"dateModified\":\"2025-02-12T15:16:11+00:00\",\"breadcrumb\":{\"@id\":\"https:\\\/\\\/internebest.com\\\/nos-implantations\\\/#breadcrumb\"},\"inLanguage\":\"en-US\",\"potentialAction\":[{\"@type\":\"ReadAction\",\"target\":[\"https:\\\/\\\/internebest.com\\\/nos-implantations\\\/\"]}]},{\"@type\":\"BreadcrumbList\",\"@id\":\"https:\\\/\\\/internebest.com\\\/nos-implantations\\\/#breadcrumb\",\"itemListElement\":[{\"@type\":\"ListItem\",\"position\":1,\"name\":\"Accueil\",\"item\":\"https:\\\/\\\/internebest.com\\\/\"},{\"@type\":\"ListItem\",\"position\":2,\"name\":\"Nos implantations\"}]},{\"@type\":\"WebSite\",\"@id\":\"https:\\\/\\\/internebest.com\\\/#website\",\"url\":\"https:\\\/\\\/internebest.com\\\/\",\"name\":\"Internebest\",\"description\":\"People of excellence\",\"publisher\":{\"@id\":\"https:\\\/\\\/internebest.com\\\/#organization\"},\"potentialAction\":[{\"@type\":\"SearchAction\",\"target\":{\"@type\":\"EntryPoint\",\"urlTemplate\":\"https:\\\/\\\/internebest.com\\\/?s={search_term_string}\"},\"query-input\":{\"@type\":\"PropertyValueSpecification\",\"valueRequired\":true,\"valueName\":\"search_term_string\"}}],\"inLanguage\":\"en-US\"},{\"@type\":\"Organization\",\"@id\":\"https:\\\/\\\/internebest.com\\\/#organization\",\"name\":\"Internebest\",\"url\":\"https:\\\/\\\/internebest.com\\\/\",\"logo\":{\"@type\":\"ImageObject\",\"inLanguage\":\"en-US\",\"@id\":\"https:\\\/\\\/internebest.com\\\/#\\\/schema\\\/logo\\\/image\\\/\",\"url\":\"https:\\\/\\\/internebest.com\\\/wp-content\\\/uploads\\\/2022\\\/03\\\/Logo-Internebest.png\",\"contentUrl\":\"https:\\\/\\\/internebest.com\\\/wp-content\\\/uploads\\\/2022\\\/03\\\/Logo-Internebest.png\",\"width\":151,\"height\":88,\"caption\":\"Internebest\"},\"image\":{\"@id\":\"https:\\\/\\\/internebest.com\\\/#\\\/schema\\\/logo\\\/image\\\/\"}}]}<\/script>\n<!-- \/ Yoast SEO plugin. -->","yoast_head_json":{"title":"Nos implantations - Internebest","robots":{"index":"index","follow":"follow","max-snippet":"max-snippet:-1","max-image-preview":"max-image-preview:large","max-video-preview":"max-video-preview:-1"},"canonical":"https:\/\/internebest.com\/en\/nos-implantations\/","og_locale":"en_US","og_type":"article","og_title":"Nos implantations - Internebest","og_description":"Nos implantations internationales Nos implantations internationales 1652 Collaborations Monde Nous sommes fiers du rayonnement international d\u2019Internebest, nos implantations t\u00e9moignent de notre volont\u00e9 \u00e0 \u00eatre au plus proche de nos clients. Vous pouvez compter sur nous, o\u00f9 que vous soyez. Contact international : operations@internebest.com 30+ Ann\u00e9es d&rsquo;exp\u00e9rience 100+ Consultants 15 Pays d&rsquo;intervention Paris &#8211; FRANCE 144 [&hellip;]","og_url":"https:\/\/internebest.com\/en\/nos-implantations\/","og_site_name":"Internebest","article_modified_time":"2025-02-12T15:16:11+00:00","twitter_card":"summary_large_image","twitter_misc":{"Est. reading time":"1 minute"},"schema":{"@context":"https:\/\/schema.org","@graph":[{"@type":"WebPage","@id":"https:\/\/internebest.com\/nos-implantations\/","url":"https:\/\/internebest.com\/nos-implantations\/","name":"Nos implantations - Internebest","isPartOf":{"@id":"https:\/\/internebest.com\/#website"},"datePublished":"2022-04-28T14:15:53+00:00","dateModified":"2025-02-12T15:16:11+00:00","breadcrumb":{"@id":"https:\/\/internebest.com\/nos-implantations\/#breadcrumb"},"inLanguage":"en-US","potentialAction":[{"@type":"ReadAction","target":["https:\/\/internebest.com\/nos-implantations\/"]}]},{"@type":"BreadcrumbList","@id":"https:\/\/internebest.com\/nos-implantations\/#breadcrumb","itemListElement":[{"@type":"ListItem","position":1,"name":"Accueil","item":"https:\/\/internebest.com\/"},{"@type":"ListItem","position":2,"name":"Nos implantations"}]},{"@type":"WebSite","@id":"https:\/\/internebest.com\/#website","url":"https:\/\/internebest.com\/","name":"Internebest","description":"People of excellence","publisher":{"@id":"https:\/\/internebest.com\/#organization"},"potentialAction":[{"@type":"SearchAction","target":{"@type":"EntryPoint","urlTemplate":"https:\/\/internebest.com\/?s={search_term_string}"},"query-input":{"@type":"PropertyValueSpecification","valueRequired":true,"valueName":"search_term_string"}}],"inLanguage":"en-US"},{"@type":"Organization","@id":"https:\/\/internebest.com\/#organization","name":"Internebest","url":"https:\/\/internebest.com\/","logo":{"@type":"ImageObject","inLanguage":"en-US","@id":"https:\/\/internebest.com\/#\/schema\/logo\/image\/","url":"https:\/\/internebest.com\/wp-content\/uploads\/2022\/03\/Logo-Internebest.png","contentUrl":"https:\/\/internebest.com\/wp-content\/uploads\/2022\/03\/Logo-Internebest.png","width":151,"height":88,"caption":"Internebest"},"image":{"@id":"https:\/\/internebest.com\/#\/schema\/logo\/image\/"}}]}},"_links":{"self":[{"href":"https:\/\/internebest.com\/en\/wp-json\/wp\/v2\/pages\/1773","targetHints":{"allow":["GET"]}}],"collection":[{"href":"https:\/\/internebest.com\/en\/wp-json\/wp\/v2\/pages"}],"about":[{"href":"https:\/\/internebest.com\/en\/wp-json\/wp\/v2\/types\/page"}],"author":[{"embeddable":true,"href":"https:\/\/internebest.com\/en\/wp-json\/wp\/v2\/users\/1"}],"replies":[{"embeddable":true,"href":"https:\/\/internebest.com\/en\/wp-json\/wp\/v2\/comments?post=1773"}],"version-history":[{"count":33,"href":"https:\/\/internebest.com\/en\/wp-json\/wp\/v2\/pages\/1773\/revisions"}],"predecessor-version":[{"id":7159,"href":"https:\/\/internebest.com\/en\/wp-json\/wp\/v2\/pages\/1773\/revisions\/7159"}],"wp:attachment":[{"href":"https:\/\/internebest.com\/en\/wp-json\/wp\/v2\/media?parent=1773"}],"curies":[{"name":"wp","href":"https:\/\/api.w.org\/{rel}","templated":true}]}}